{"id":434,"date":"2020-11-27T16:39:43","date_gmt":"2020-11-27T15:39:43","guid":{"rendered":"https:\/\/sim-b.fr\/?page_id=434"},"modified":"2020-11-27T17:03:22","modified_gmt":"2020-11-27T16:03:22","slug":"realisations","status":"publish","type":"page","link":"https:\/\/sim-b.fr\/index.php\/realisations\/","title":{"rendered":"Nos r\u00e9alisations"},"content":{"rendered":"\n<h2><strong>Liste des principaux <span class=\"has-inline-color has-luminous-vivid-orange-color\">Chantiers<\/span> r\u00e9alis\u00e9s ou en cours<\/strong><\/h2>\n\n\n\n<p><strong><span class=\"has-inline-color has-luminous-vivid-orange-color\">ATMO<\/span> SUR LE REDEPLOIEMENT DU <span class=\"has-inline-color has-luminous-vivid-orange-color\">POLE PARENTS-ENFANTS<\/span> SUR LE SITE DE PALAIS ROYAL &#8211; <\/strong>Montant des travaux\u00a0estim\u00e9 : \u00a017 000 000,00 \u20ac<\/p>\n\n\n\n<p><strong>REMISE AUX NORMES DU <span class=\"has-inline-color has-luminous-vivid-orange-color\">CENTRE HOSPITALIER DE LA BASSE TERRE<\/span> (MOE FLUIDES)\u00a0 &#8211; <\/strong>Montant des travaux\u00a0estim\u00e9 : \u00a07 000 000,00 \u20ac<\/p>\n\n\n\n<p><strong>CR\u00c9ATION D\u2019UN <span class=\"has-inline-color has-luminous-vivid-orange-color\">CENTRE COMMERCIAL<\/span> \u00c0 SAINT-FRAN\u00c7OIS (MOE FLUIDES) \u2013 <\/strong>climatisation centralise avec des Roof-tops et d\u00e9shumidification \u00e0 partir des Gaz chaud. Production de Froid commercial au CO2 sur le N\u00e9gative et r\u00e9cup\u00e9ration des eau chaude sanitaire et process pour r\u00e9chauff\u00e9 la dalle de la chambre n\u00e9gative- Montant des travaux\u00a0: 1\u00a0323 000,00 \u20ac<\/p>\n\n\n\n<p><strong>REMPLACEMENT DE LA PRODUCTION N\u00c9GATIVE DE <span class=\"has-inline-color has-luminous-vivid-orange-color\">DESTRELAND<\/span> par du CO2-(MOE FLUIDES) <\/strong>Montant des travaux\u00a0: \u00a0600 000,00 \u20ac<\/p>\n\n\n\n<hr class=\"wp-block-separator\"\/>\n\n\n\n<p><strong>MISSION D&rsquo;ASSISTANCE A <span class=\"has-inline-color has-luminous-vivid-orange-color\">MAITRISE D&rsquo;OUVRAGE<\/span> POUR LA MISE A JOUR DU PROGRAMME DE LA SAS DU <span class=\"has-inline-color has-luminous-vivid-orange-color\">CENTRE PENITENTIAIRE DE DUCOS<\/span> (ATMO fluides) <\/strong>Montant des travaux 18 000 000,00\u20ac<\/p>\n\n\n\n<p><strong>CONSTRUCTION D\u2019UN B\u00c2TIMENT A USAGE <span class=\"has-inline-color has-luminous-vivid-orange-color\">COMMERCIAL SOPHARMA<\/span> (MOE FLUIDES) <\/strong>Montant des travaux fluides 600 000,00\u20ac<\/p>\n\n\n\n<p><strong>MISSION DE CONSEIL D\u2019<span class=\"has-inline-color has-luminous-vivid-orange-color\">ASSISTANCE TECHNIQUE<\/span> \u00c0 MA\u00ceTRISE D\u2019OUVRAGE POUR LA PASSATION DU FUTUR MARCH\u00c9 D\u2019EXPLOITATION DES INSTALLATIONS ET POUR LE SUIVI, LE CONTR\u00d4LE ET L\u2019ANALYSE DES PRESTATIONS DU MARCH\u00c9 EXPLOITATION ET DE MAINTENANCE DES INSTALLATIONS TECHNIQUES DE CLIMATISATION, VENTILATION ET \u00c9LECTRIQUE DE <span class=\"has-inline-color has-luminous-vivid-orange-color\">L\u2019H\u00d4TEL DE POLICE DE GRANDE-TERRE<\/span> <\/strong>Montant des travaux 800 000,00\u20ac<\/p>\n\n\n\n<hr class=\"wp-block-separator\"\/>\n\n\n\n<h2><strong>Des <span class=\"has-inline-color has-luminous-vivid-orange-color\">interventions<\/span> dans toutes les <span class=\"has-inline-color has-luminous-vivid-orange-color\">A<\/span>ntilles-<span class=\"has-inline-color has-luminous-vivid-orange-color\">G<\/span>uyane<\/strong><\/h2>\n\n\n\n<div class=\"wp-block-media-text alignwide has-media-on-the-right is-stacked-on-mobile is-vertically-aligned-center\"><figure class=\"wp-block-media-text__media\"><img loading=\"lazy\" width=\"364\" height=\"263\" src=\"https:\/\/sim-b.fr\/wp-content\/uploads\/2020\/11\/GP.png\" alt=\"\" class=\"wp-image-442\" srcset=\"https:\/\/sim-b.fr\/wp-content\/uploads\/2020\/11\/GP.png 364w, https:\/\/sim-b.fr\/wp-content\/uploads\/2020\/11\/GP-300x217.png 300w\" sizes=\"(max-width: 364px) 100vw, 364px\" \/><\/figure><div class=\"wp-block-media-text__content\">\n<h2 class=\"has-text-align-center\"><strong><span class=\"has-inline-color has-luminous-vivid-orange-color\">G<\/span>uadeloupe<\/strong><\/h2>\n<\/div><\/div>\n\n\n\n<div class=\"wp-block-media-text alignwide is-stacked-on-mobile is-vertically-aligned-center\"><figure class=\"wp-block-media-text__media\"><img loading=\"lazy\" width=\"490\" height=\"355\" src=\"https:\/\/sim-b.fr\/wp-content\/uploads\/2020\/11\/MQ.png\" alt=\"\" class=\"wp-image-447\" srcset=\"https:\/\/sim-b.fr\/wp-content\/uploads\/2020\/11\/MQ.png 490w, https:\/\/sim-b.fr\/wp-content\/uploads\/2020\/11\/MQ-300x217.png 300w\" sizes=\"(max-width: 490px) 100vw, 490px\" \/><\/figure><div class=\"wp-block-media-text__content\">\n<h2 class=\"has-text-align-center\"><strong><span class=\"has-inline-color has-luminous-vivid-orange-color\">M<\/span>artinique<\/strong><\/h2>\n<\/div><\/div>\n\n\n\n<div class=\"wp-block-media-text alignwide has-media-on-the-right is-stacked-on-mobile is-vertically-aligned-center\"><figure class=\"wp-block-media-text__media\"><img loading=\"lazy\" width=\"365\" height=\"263\" src=\"https:\/\/sim-b.fr\/wp-content\/uploads\/2020\/11\/GY.png\" alt=\"\" class=\"wp-image-448\" srcset=\"https:\/\/sim-b.fr\/wp-content\/uploads\/2020\/11\/GY.png 365w, https:\/\/sim-b.fr\/wp-content\/uploads\/2020\/11\/GY-300x216.png 300w\" sizes=\"(max-width: 365px) 100vw, 365px\" \/><\/figure><div class=\"wp-block-media-text__content\">\n<h2 class=\"has-text-align-center\"><strong><span class=\"has-inline-color has-luminous-vivid-orange-color\">G<\/span>uyane<\/strong><\/h2>\n<\/div><\/div>\n","protected":false},"excerpt":{"rendered":"<p>Liste des principaux Chantiers r\u00e9alis\u00e9s ou en cours ATMO SUR LE REDEPLOIEMENT DU POLE PARENTS-ENFANTS SUR LE SITE DE PALAIS ROYAL &#8211; Montant des travaux\u00a0estim\u00e9 : \u00a017 000 000,00 \u20ac REMISE AUX NORMES DU CENTRE HOSPITALIER DE LA BASSE TERRE (MOE FLUIDES)\u00a0 &#8211; Montant des travaux\u00a0estim\u00e9 : \u00a07 000 000,00 \u20ac CR\u00c9ATION D\u2019UN CENTRE COMMERCIAL [&hellip;]<\/p>\n","protected":false},"author":1,"featured_media":0,"parent":0,"menu_order":0,"comment_status":"closed","ping_status":"closed","template":"","meta":[],"yoast_head":"<!-- This site is optimized with the Yoast SEO plugin v15.9 - https:\/\/yoast.com\/wordpress\/plugins\/seo\/ -->\n<title>Nos r\u00e9alisations - SIM-B<\/title>\n<meta name=\"robots\" content=\"index, follow, max-snippet:-1, max-image-preview:large, max-video-preview:-1\" \/>\n<link rel=\"canonical\" href=\"https:\/\/sim-b.fr\/index.php\/realisations\/\" \/>\n<meta property=\"og:locale\" content=\"fr_FR\" \/>\n<meta property=\"og:type\" content=\"article\" \/>\n<meta property=\"og:title\" content=\"Nos r\u00e9alisations - SIM-B\" \/>\n<meta property=\"og:description\" content=\"Liste des principaux Chantiers r\u00e9alis\u00e9s ou en cours ATMO SUR LE REDEPLOIEMENT DU POLE PARENTS-ENFANTS SUR LE SITE DE PALAIS ROYAL &#8211; Montant des travaux\u00a0estim\u00e9 : \u00a017 000 000,00 \u20ac REMISE AUX NORMES DU CENTRE HOSPITALIER DE LA BASSE TERRE (MOE FLUIDES)\u00a0 &#8211; Montant des travaux\u00a0estim\u00e9 : \u00a07 000 000,00 \u20ac CR\u00c9ATION D\u2019UN CENTRE COMMERCIAL [&hellip;]\" \/>\n<meta property=\"og:url\" content=\"https:\/\/sim-b.fr\/index.php\/realisations\/\" \/>\n<meta property=\"og:site_name\" content=\"SIM-B\" \/>\n<meta property=\"article:modified_time\" content=\"2020-11-27T16:03:22+00:00\" \/>\n<meta property=\"og:image\" content=\"https:\/\/sim-b.fr\/wp-content\/uploads\/2020\/11\/GP.png\" \/>\n<meta name=\"twitter:card\" content=\"summary_large_image\" \/>\n<meta name=\"twitter:label1\" content=\"Dur\u00e9e de lecture est.\">\n\t<meta name=\"twitter:data1\" content=\"1 minute\">\n<script type=\"application\/ld+json\" class=\"yoast-schema-graph\">{\"@context\":\"https:\/\/schema.org\",\"@graph\":[{\"@type\":\"WebSite\",\"@id\":\"https:\/\/sim-b.fr\/#website\",\"url\":\"https:\/\/sim-b.fr\/\",\"name\":\"SIM-B\",\"description\":\"Ing\\u00e9nierie - Bureau d Etudes Techniques Fluides\",\"potentialAction\":[{\"@type\":\"SearchAction\",\"target\":\"https:\/\/sim-b.fr\/?s={search_term_string}\",\"query-input\":\"required name=search_term_string\"}],\"inLanguage\":\"fr-FR\"},{\"@type\":\"ImageObject\",\"@id\":\"https:\/\/sim-b.fr\/index.php\/realisations\/#primaryimage\",\"inLanguage\":\"fr-FR\",\"url\":\"https:\/\/sim-b.fr\/wp-content\/uploads\/2020\/11\/GP.png\",\"width\":364,\"height\":263},{\"@type\":\"WebPage\",\"@id\":\"https:\/\/sim-b.fr\/index.php\/realisations\/#webpage\",\"url\":\"https:\/\/sim-b.fr\/index.php\/realisations\/\",\"name\":\"Nos r\\u00e9alisations - SIM-B\",\"isPartOf\":{\"@id\":\"https:\/\/sim-b.fr\/#website\"},\"primaryImageOfPage\":{\"@id\":\"https:\/\/sim-b.fr\/index.php\/realisations\/#primaryimage\"},\"datePublished\":\"2020-11-27T15:39:43+00:00\",\"dateModified\":\"2020-11-27T16:03:22+00:00\",\"breadcrumb\":{\"@id\":\"https:\/\/sim-b.fr\/index.php\/realisations\/#breadcrumb\"},\"inLanguage\":\"fr-FR\",\"potentialAction\":[{\"@type\":\"ReadAction\",\"target\":[\"https:\/\/sim-b.fr\/index.php\/realisations\/\"]}]},{\"@type\":\"BreadcrumbList\",\"@id\":\"https:\/\/sim-b.fr\/index.php\/realisations\/#breadcrumb\",\"itemListElement\":[{\"@type\":\"ListItem\",\"position\":1,\"item\":{\"@type\":\"WebPage\",\"@id\":\"https:\/\/sim-b.fr\/\",\"url\":\"https:\/\/sim-b.fr\/\",\"name\":\"Accueil\"}},{\"@type\":\"ListItem\",\"position\":2,\"item\":{\"@type\":\"WebPage\",\"@id\":\"https:\/\/sim-b.fr\/index.php\/realisations\/\",\"url\":\"https:\/\/sim-b.fr\/index.php\/realisations\/\",\"name\":\"Nos r\\u00e9alisations\"}}]}]}<\/script>\n<!-- \/ Yoast SEO plugin. -->","_links":{"self":[{"href":"https:\/\/sim-b.fr\/index.php\/wp-json\/wp\/v2\/pages\/434"}],"collection":[{"href":"https:\/\/sim-b.fr\/index.php\/wp-json\/wp\/v2\/pages"}],"about":[{"href":"https:\/\/sim-b.fr\/index.php\/wp-json\/wp\/v2\/types\/page"}],"author":[{"embeddable":true,"href":"https:\/\/sim-b.fr\/index.php\/wp-json\/wp\/v2\/users\/1"}],"replies":[{"embeddable":true,"href":"https:\/\/sim-b.fr\/index.php\/wp-json\/wp\/v2\/comments?post=434"}],"version-history":[{"count":24,"href":"https:\/\/sim-b.fr\/index.php\/wp-json\/wp\/v2\/pages\/434\/revisions"}],"predecessor-version":[{"id":462,"href":"https:\/\/sim-b.fr\/index.php\/wp-json\/wp\/v2\/pages\/434\/revisions\/462"}],"wp:attachment":[{"href":"https:\/\/sim-b.fr\/index.php\/wp-json\/wp\/v2\/media?parent=434"}],"curies":[{"name":"wp","href":"https:\/\/api.w.org\/{rel}","templated":true}]}}