{"id":279,"date":"2020-11-24T18:02:59","date_gmt":"2020-11-24T17:02:59","guid":{"rendered":"https:\/\/sim-b.fr\/?page_id=279"},"modified":"2020-11-25T17:44:29","modified_gmt":"2020-11-25T16:44:29","slug":"traduction-des-besoins","status":"publish","type":"page","link":"https:\/\/sim-b.fr\/index.php\/traduction-des-besoins\/","title":{"rendered":"Traduction des besoins"},"content":{"rendered":"\n<p class=\"has-drop-cap\" style=\"font-size:18px\">Notre d\u00e9marche est \u00e9troitement li\u00e9e au dialogue que nous souhaitons \u00e9tablir avec le Ma\u00eetre d\u2019Ouvrage et les diff\u00e9rents utilisateurs int\u00e9ress\u00e9s. Cette approche au cours de la phase projet permettra d\u2019\u00e9laborer et de valider les besoins.<\/p>\n\n\n\n<div class=\"wp-block-columns\">\n<div class=\"wp-block-column\">\n<figure class=\"wp-block-image size-full\"><img loading=\"lazy\" width=\"637\" height=\"549\" src=\"https:\/\/sim-b.fr\/wp-content\/uploads\/2020\/11\/Image12.png\" alt=\"\" class=\"wp-image-344\" srcset=\"https:\/\/sim-b.fr\/wp-content\/uploads\/2020\/11\/Image12.png 637w, https:\/\/sim-b.fr\/wp-content\/uploads\/2020\/11\/Image12-300x259.png 300w\" sizes=\"(max-width: 637px) 100vw, 637px\" \/><\/figure>\n<\/div>\n\n\n\n<div class=\"wp-block-column\">\n<figure class=\"wp-block-image size-full\"><img loading=\"lazy\" width=\"625\" height=\"516\" src=\"https:\/\/sim-b.fr\/wp-content\/uploads\/2020\/11\/Image13.png\" alt=\"\" class=\"wp-image-349\" srcset=\"https:\/\/sim-b.fr\/wp-content\/uploads\/2020\/11\/Image13.png 625w, https:\/\/sim-b.fr\/wp-content\/uploads\/2020\/11\/Image13-300x248.png 300w\" sizes=\"(max-width: 625px) 100vw, 625px\" \/><\/figure>\n<\/div>\n<\/div>\n\n\n\n<div class=\"wp-block-image\"><figure class=\"aligncenter size-large\"><img loading=\"lazy\" width=\"757\" height=\"343\" src=\"https:\/\/sim-b.fr\/wp-content\/uploads\/2020\/11\/Image14.png\" alt=\"\" class=\"wp-image-354\" srcset=\"https:\/\/sim-b.fr\/wp-content\/uploads\/2020\/11\/Image14.png 757w, https:\/\/sim-b.fr\/wp-content\/uploads\/2020\/11\/Image14-300x136.png 300w\" sizes=\"(max-width: 757px) 100vw, 757px\" \/><\/figure><\/div>\n\n\n\n<hr class=\"wp-block-separator\"\/>\n\n\n\n<div class=\"wp-block-columns\">\n<div class=\"wp-block-column\">\n<div class=\"wp-block-media-text alignwide is-stacked-on-mobile is-vertically-aligned-top\"><figure class=\"wp-block-media-text__media\"><img loading=\"lazy\" width=\"990\" height=\"851\" src=\"https:\/\/sim-b.fr\/wp-content\/uploads\/2020\/11\/Image15.png\" alt=\"\" class=\"wp-image-356\" srcset=\"https:\/\/sim-b.fr\/wp-content\/uploads\/2020\/11\/Image15.png 990w, https:\/\/sim-b.fr\/wp-content\/uploads\/2020\/11\/Image15-300x258.png 300w, https:\/\/sim-b.fr\/wp-content\/uploads\/2020\/11\/Image15-768x660.png 768w\" sizes=\"(max-width: 990px) 100vw, 990px\" \/><\/figure><div class=\"wp-block-media-text__content\">\n<p style=\"font-size:22px\"><strong>Une <span class=\"has-inline-color has-luminous-vivid-orange-color\">cartographie<\/span> des b\u00e2timents<\/strong><\/p>\n\n\n\n<p style=\"font-size:18px\">Nous proposons diff\u00e9rents types de cartographie suivant des th\u00e9matiques.<\/p>\n<\/div><\/div>\n<\/div>\n<\/div>\n\n\n\n<div class=\"wp-block-media-text alignwide has-media-on-the-right is-stacked-on-mobile\"><figure class=\"wp-block-media-text__media\"><img loading=\"lazy\" width=\"984\" height=\"851\" src=\"https:\/\/sim-b.fr\/wp-content\/uploads\/2020\/11\/Image16.png\" alt=\"\" class=\"wp-image-364\" srcset=\"https:\/\/sim-b.fr\/wp-content\/uploads\/2020\/11\/Image16.png 984w, https:\/\/sim-b.fr\/wp-content\/uploads\/2020\/11\/Image16-300x259.png 300w, https:\/\/sim-b.fr\/wp-content\/uploads\/2020\/11\/Image16-768x664.png 768w\" sizes=\"(max-width: 984px) 100vw, 984px\" \/><\/figure><div class=\"wp-block-media-text__content\">\n<p style=\"font-size:22px\"><strong><span class=\"has-inline-color has-luminous-vivid-orange-color\">Cartographie<\/span> d\u00e9finissant\u00a0:<\/strong><\/p>\n\n\n\n<ul><li>Les diff\u00e9rentes cat\u00e9gories de locaux (zones sensibles, zones \u00e0 risques, zones administratifs etc..).<\/li><li>Zones \u00e0 air contr\u00f4l\u00e9e<\/li><li>Les installations<\/li><li>Programmation des investissements<\/li><\/ul>\n<\/div><\/div>\n\n\n\n<hr class=\"wp-block-separator\"\/>\n\n\n\n<p style=\"font-size:22px\"><strong>Un <span class=\"has-inline-color has-luminous-vivid-orange-color\">S<\/span>ch\u00e9ma <span class=\"has-inline-color has-luminous-vivid-orange-color\">D<\/span>irecteur <span class=\"has-inline-color has-luminous-vivid-orange-color\">I<\/span>mmobilier<\/strong><\/p>\n\n\n\n<p style=\"font-size:18px\">Nous assistons \u00e0 l\u2019\u00e9laboration de la mise en \u0153uvre et du pilotage d\u2019une strat\u00e9gie immobili\u00e8re.<\/p>\n\n\n\n<p>Nous intervenons sur l\u2019ensemble des dimensions qui structurent une strat\u00e9gie immobili\u00e8re<\/p>\n\n\n\n<ul><li>L\u2019\u00e9valuation et le pilotage de la performance technique, fonctionnelle et financi\u00e8re du patrimoine<\/li><li>La d\u00e9finition de la politique de localisation et des standards d\u2019occupation<\/li><li>La mise en place d\u2019un plan pr\u00e9visionnel d\u2019investissement sur 8 ans.<\/li><\/ul>\n\n\n\n<p style=\"font-size:18px\">Nous vous proposons un accompagnement sur tout ou partie de la r\u00e9flexion strat\u00e9gique immobili\u00e8re. La cartographie prend tout son importance.<\/p>\n\n\n\n<p style=\"font-size:22px\"><strong>Les <span class=\"has-inline-color has-luminous-vivid-orange-color\">b\u00e9n\u00e9fices<\/span><\/strong><\/p>\n\n\n\n<ul><li>Une analyse du besoin et de la performance du parc et un outil d\u2019aide \u00e0 la d\u00e9cision.<\/li><li>L\u2019identification et la hi\u00e9rarchisation des options immobili\u00e8res.<\/li><li>Une strat\u00e9gie immobili\u00e8re.<\/li><\/ul>\n","protected":false},"excerpt":{"rendered":"<p>Notre d\u00e9marche est \u00e9troitement li\u00e9e au dialogue que nous souhaitons \u00e9tablir avec le Ma\u00eetre d\u2019Ouvrage et les diff\u00e9rents utilisateurs int\u00e9ress\u00e9s. Cette approche au cours de la phase projet permettra d\u2019\u00e9laborer et de valider les besoins. Cartographie d\u00e9finissant\u00a0: Les diff\u00e9rentes cat\u00e9gories de locaux (zones sensibles, zones \u00e0 risques, zones administratifs etc..). Zones \u00e0 air contr\u00f4l\u00e9e Les [&hellip;]<\/p>\n","protected":false},"author":1,"featured_media":0,"parent":0,"menu_order":0,"comment_status":"closed","ping_status":"closed","template":"","meta":[],"yoast_head":"<!-- This site is optimized with the Yoast SEO plugin v15.9 - https:\/\/yoast.com\/wordpress\/plugins\/seo\/ -->\n<title>Traduction des besoins - SIM-B<\/title>\n<meta name=\"robots\" content=\"index, follow, max-snippet:-1, max-image-preview:large, max-video-preview:-1\" \/>\n<link rel=\"canonical\" href=\"https:\/\/sim-b.fr\/index.php\/traduction-des-besoins\/\" \/>\n<meta property=\"og:locale\" content=\"fr_FR\" \/>\n<meta property=\"og:type\" content=\"article\" \/>\n<meta property=\"og:title\" content=\"Traduction des besoins - SIM-B\" \/>\n<meta property=\"og:description\" content=\"Notre d\u00e9marche est \u00e9troitement li\u00e9e au dialogue que nous souhaitons \u00e9tablir avec le Ma\u00eetre d\u2019Ouvrage et les diff\u00e9rents utilisateurs int\u00e9ress\u00e9s. Cette approche au cours de la phase projet permettra d\u2019\u00e9laborer et de valider les besoins. Cartographie d\u00e9finissant\u00a0: Les diff\u00e9rentes cat\u00e9gories de locaux (zones sensibles, zones \u00e0 risques, zones administratifs etc..). Zones \u00e0 air contr\u00f4l\u00e9e Les [&hellip;]\" \/>\n<meta property=\"og:url\" content=\"https:\/\/sim-b.fr\/index.php\/traduction-des-besoins\/\" \/>\n<meta property=\"og:site_name\" content=\"SIM-B\" \/>\n<meta property=\"article:modified_time\" content=\"2020-11-25T16:44:29+00:00\" \/>\n<meta property=\"og:image\" content=\"https:\/\/sim-b.fr\/wp-content\/uploads\/2020\/11\/Image12.png\" \/>\n<meta name=\"twitter:card\" content=\"summary_large_image\" \/>\n<meta name=\"twitter:label1\" content=\"Dur\u00e9e de lecture est.\">\n\t<meta name=\"twitter:data1\" content=\"1 minute\">\n<script type=\"application\/ld+json\" class=\"yoast-schema-graph\">{\"@context\":\"https:\/\/schema.org\",\"@graph\":[{\"@type\":\"WebSite\",\"@id\":\"https:\/\/sim-b.fr\/#website\",\"url\":\"https:\/\/sim-b.fr\/\",\"name\":\"SIM-B\",\"description\":\"Ing\\u00e9nierie - Bureau d Etudes Techniques Fluides\",\"potentialAction\":[{\"@type\":\"SearchAction\",\"target\":\"https:\/\/sim-b.fr\/?s={search_term_string}\",\"query-input\":\"required name=search_term_string\"}],\"inLanguage\":\"fr-FR\"},{\"@type\":\"ImageObject\",\"@id\":\"https:\/\/sim-b.fr\/index.php\/traduction-des-besoins\/#primaryimage\",\"inLanguage\":\"fr-FR\",\"url\":\"https:\/\/sim-b.fr\/wp-content\/uploads\/2020\/11\/Image12.png\",\"width\":637,\"height\":549},{\"@type\":\"WebPage\",\"@id\":\"https:\/\/sim-b.fr\/index.php\/traduction-des-besoins\/#webpage\",\"url\":\"https:\/\/sim-b.fr\/index.php\/traduction-des-besoins\/\",\"name\":\"Traduction des besoins - SIM-B\",\"isPartOf\":{\"@id\":\"https:\/\/sim-b.fr\/#website\"},\"primaryImageOfPage\":{\"@id\":\"https:\/\/sim-b.fr\/index.php\/traduction-des-besoins\/#primaryimage\"},\"datePublished\":\"2020-11-24T17:02:59+00:00\",\"dateModified\":\"2020-11-25T16:44:29+00:00\",\"breadcrumb\":{\"@id\":\"https:\/\/sim-b.fr\/index.php\/traduction-des-besoins\/#breadcrumb\"},\"inLanguage\":\"fr-FR\",\"potentialAction\":[{\"@type\":\"ReadAction\",\"target\":[\"https:\/\/sim-b.fr\/index.php\/traduction-des-besoins\/\"]}]},{\"@type\":\"BreadcrumbList\",\"@id\":\"https:\/\/sim-b.fr\/index.php\/traduction-des-besoins\/#breadcrumb\",\"itemListElement\":[{\"@type\":\"ListItem\",\"position\":1,\"item\":{\"@type\":\"WebPage\",\"@id\":\"https:\/\/sim-b.fr\/\",\"url\":\"https:\/\/sim-b.fr\/\",\"name\":\"Accueil\"}},{\"@type\":\"ListItem\",\"position\":2,\"item\":{\"@type\":\"WebPage\",\"@id\":\"https:\/\/sim-b.fr\/index.php\/traduction-des-besoins\/\",\"url\":\"https:\/\/sim-b.fr\/index.php\/traduction-des-besoins\/\",\"name\":\"Traduction des besoins\"}}]}]}<\/script>\n<!-- \/ Yoast SEO plugin. -->","_links":{"self":[{"href":"https:\/\/sim-b.fr\/index.php\/wp-json\/wp\/v2\/pages\/279"}],"collection":[{"href":"https:\/\/sim-b.fr\/index.php\/wp-json\/wp\/v2\/pages"}],"about":[{"href":"https:\/\/sim-b.fr\/index.php\/wp-json\/wp\/v2\/types\/page"}],"author":[{"embeddable":true,"href":"https:\/\/sim-b.fr\/index.php\/wp-json\/wp\/v2\/users\/1"}],"replies":[{"embeddable":true,"href":"https:\/\/sim-b.fr\/index.php\/wp-json\/wp\/v2\/comments?post=279"}],"version-history":[{"count":19,"href":"https:\/\/sim-b.fr\/index.php\/wp-json\/wp\/v2\/pages\/279\/revisions"}],"predecessor-version":[{"id":367,"href":"https:\/\/sim-b.fr\/index.php\/wp-json\/wp\/v2\/pages\/279\/revisions\/367"}],"wp:attachment":[{"href":"https:\/\/sim-b.fr\/index.php\/wp-json\/wp\/v2\/media?parent=279"}],"curies":[{"name":"wp","href":"https:\/\/api.w.org\/{rel}","templated":true}]}}