{"id":277,"date":"2020-11-24T18:02:04","date_gmt":"2020-11-24T17:02:04","guid":{"rendered":"https:\/\/sim-b.fr\/?page_id=277"},"modified":"2020-11-25T17:15:47","modified_gmt":"2020-11-25T16:15:47","slug":"veille-reglementaire","status":"publish","type":"page","link":"https:\/\/sim-b.fr\/index.php\/veille-reglementaire\/","title":{"rendered":"Veille r\u00e9glementaire"},"content":{"rendered":"\n<h2>M<span class=\"has-inline-color has-luminous-vivid-orange-color\">ise en place<\/span><\/h2>\n\n\n\n<p style=\"font-size:22px\"><span class=\"has-inline-color has-luminous-vivid-orange-color\">Identifier<\/span> les textes et exigences applicables. <\/p>\n\n\n\n<p style=\"font-size:18px\">L\u2019\u00e9tat des lieux est une \u00e9tape importante du processus de veille r\u00e9glementaire. Dans un premier temps, il s\u2019agit de recenser les textes susceptibles de concerner l\u2019organisme en puisant dans les sources disponibles.<\/p>\n\n\n\n<p style=\"font-size:22px\"><span class=\"has-inline-color has-luminous-vivid-orange-color\">\u00c9valuer<\/span> votre conformit\u00e9<\/p>\n\n\n\n<p style=\"font-size:18px\">L\u2019analyse de conformit\u00e9 a pour but de v\u00e9rifier l\u2019ad\u00e9quation entre les exigences r\u00e9glementaires des textes applicables et la r\u00e9alit\u00e9 op\u00e9rationnelle des activit\u00e9s de l\u2019organisme en listant les non-conformit\u00e9s et les points conformes \u00e0 la r\u00e9glementation.<\/p>\n\n\n\n<div class=\"wp-block-media-text alignwide has-media-on-the-right is-stacked-on-mobile\"><figure class=\"wp-block-media-text__media\"><img loading=\"lazy\" width=\"762\" height=\"556\" src=\"https:\/\/sim-b.fr\/wp-content\/uploads\/2020\/11\/Image1.jpg\" alt=\"\" class=\"wp-image-329\" srcset=\"https:\/\/sim-b.fr\/wp-content\/uploads\/2020\/11\/Image1.jpg 762w, https:\/\/sim-b.fr\/wp-content\/uploads\/2020\/11\/Image1-300x219.jpg 300w\" sizes=\"(max-width: 762px) 100vw, 762px\" \/><\/figure><div class=\"wp-block-media-text__content\">\n<p style=\"font-size:22px\"><span class=\"has-inline-color has-luminous-vivid-orange-color\">Mettre<\/span> en oeuvre et <span class=\"has-inline-color has-luminous-vivid-orange-color\">assurer<\/span> la conformit\u00e9 r\u00e9glementaire<\/p>\n\n\n\n<p style=\"font-size:18px\">La mise en oeuvre des actions de mise en conformit\u00e9 r\u00e9glementaire des non-conformit\u00e9s induit \u00e9galement la surveillance des points conformes.<\/p>\n<\/div><\/div>\n\n\n\n<p style=\"font-size:22px\"><span class=\"has-inline-color has-luminous-vivid-orange-color\">Organiser<\/span> et mettre-en place la veille r\u00e9glementaire<\/p>\n\n\n\n<p style=\"font-size:18px\">La mise \u00e0 jour de la veille r\u00e9glementaire n\u00e9cessite une organisation structur\u00e9e et efficace qui permettra \u00e0 l\u2019organisme de respecter la r\u00e9glementation qui lui est applicable dans tous les cas de figure.<\/p>\n","protected":false},"excerpt":{"rendered":"<p>Mise en place Identifier les textes et exigences applicables. L\u2019\u00e9tat des lieux est une \u00e9tape importante du processus de veille r\u00e9glementaire. Dans un premier temps, il s\u2019agit de recenser les textes susceptibles de concerner l\u2019organisme en puisant dans les sources disponibles. \u00c9valuer votre conformit\u00e9 L\u2019analyse de conformit\u00e9 a pour but de v\u00e9rifier l\u2019ad\u00e9quation entre les [&hellip;]<\/p>\n","protected":false},"author":1,"featured_media":0,"parent":0,"menu_order":0,"comment_status":"closed","ping_status":"closed","template":"","meta":[],"yoast_head":"<!-- This site is optimized with the Yoast SEO plugin v15.9 - https:\/\/yoast.com\/wordpress\/plugins\/seo\/ -->\n<title>Veille r\u00e9glementaire - SIM-B<\/title>\n<meta name=\"robots\" content=\"index, follow, max-snippet:-1, max-image-preview:large, max-video-preview:-1\" \/>\n<link rel=\"canonical\" href=\"https:\/\/sim-b.fr\/index.php\/veille-reglementaire\/\" \/>\n<meta property=\"og:locale\" content=\"fr_FR\" \/>\n<meta property=\"og:type\" content=\"article\" \/>\n<meta property=\"og:title\" content=\"Veille r\u00e9glementaire - SIM-B\" \/>\n<meta property=\"og:description\" content=\"Mise en place Identifier les textes et exigences applicables. L\u2019\u00e9tat des lieux est une \u00e9tape importante du processus de veille r\u00e9glementaire. Dans un premier temps, il s\u2019agit de recenser les textes susceptibles de concerner l\u2019organisme en puisant dans les sources disponibles. \u00c9valuer votre conformit\u00e9 L\u2019analyse de conformit\u00e9 a pour but de v\u00e9rifier l\u2019ad\u00e9quation entre les [&hellip;]\" \/>\n<meta property=\"og:url\" content=\"https:\/\/sim-b.fr\/index.php\/veille-reglementaire\/\" \/>\n<meta property=\"og:site_name\" content=\"SIM-B\" \/>\n<meta property=\"article:modified_time\" content=\"2020-11-25T16:15:47+00:00\" \/>\n<meta property=\"og:image\" content=\"https:\/\/sim-b.fr\/wp-content\/uploads\/2020\/11\/Image1.jpg\" \/>\n<meta name=\"twitter:card\" content=\"summary_large_image\" \/>\n<meta name=\"twitter:label1\" content=\"Dur\u00e9e de lecture est.\">\n\t<meta name=\"twitter:data1\" content=\"1 minute\">\n<script type=\"application\/ld+json\" class=\"yoast-schema-graph\">{\"@context\":\"https:\/\/schema.org\",\"@graph\":[{\"@type\":\"WebSite\",\"@id\":\"https:\/\/sim-b.fr\/#website\",\"url\":\"https:\/\/sim-b.fr\/\",\"name\":\"SIM-B\",\"description\":\"Ing\\u00e9nierie - Bureau d Etudes Techniques Fluides\",\"potentialAction\":[{\"@type\":\"SearchAction\",\"target\":\"https:\/\/sim-b.fr\/?s={search_term_string}\",\"query-input\":\"required name=search_term_string\"}],\"inLanguage\":\"fr-FR\"},{\"@type\":\"ImageObject\",\"@id\":\"https:\/\/sim-b.fr\/index.php\/veille-reglementaire\/#primaryimage\",\"inLanguage\":\"fr-FR\",\"url\":\"https:\/\/sim-b.fr\/wp-content\/uploads\/2020\/11\/Image1.jpg\",\"width\":762,\"height\":556},{\"@type\":\"WebPage\",\"@id\":\"https:\/\/sim-b.fr\/index.php\/veille-reglementaire\/#webpage\",\"url\":\"https:\/\/sim-b.fr\/index.php\/veille-reglementaire\/\",\"name\":\"Veille r\\u00e9glementaire - SIM-B\",\"isPartOf\":{\"@id\":\"https:\/\/sim-b.fr\/#website\"},\"primaryImageOfPage\":{\"@id\":\"https:\/\/sim-b.fr\/index.php\/veille-reglementaire\/#primaryimage\"},\"datePublished\":\"2020-11-24T17:02:04+00:00\",\"dateModified\":\"2020-11-25T16:15:47+00:00\",\"breadcrumb\":{\"@id\":\"https:\/\/sim-b.fr\/index.php\/veille-reglementaire\/#breadcrumb\"},\"inLanguage\":\"fr-FR\",\"potentialAction\":[{\"@type\":\"ReadAction\",\"target\":[\"https:\/\/sim-b.fr\/index.php\/veille-reglementaire\/\"]}]},{\"@type\":\"BreadcrumbList\",\"@id\":\"https:\/\/sim-b.fr\/index.php\/veille-reglementaire\/#breadcrumb\",\"itemListElement\":[{\"@type\":\"ListItem\",\"position\":1,\"item\":{\"@type\":\"WebPage\",\"@id\":\"https:\/\/sim-b.fr\/\",\"url\":\"https:\/\/sim-b.fr\/\",\"name\":\"Accueil\"}},{\"@type\":\"ListItem\",\"position\":2,\"item\":{\"@type\":\"WebPage\",\"@id\":\"https:\/\/sim-b.fr\/index.php\/veille-reglementaire\/\",\"url\":\"https:\/\/sim-b.fr\/index.php\/veille-reglementaire\/\",\"name\":\"Veille r\\u00e9glementaire\"}}]}]}<\/script>\n<!-- \/ Yoast SEO plugin. -->","_links":{"self":[{"href":"https:\/\/sim-b.fr\/index.php\/wp-json\/wp\/v2\/pages\/277"}],"collection":[{"href":"https:\/\/sim-b.fr\/index.php\/wp-json\/wp\/v2\/pages"}],"about":[{"href":"https:\/\/sim-b.fr\/index.php\/wp-json\/wp\/v2\/types\/page"}],"author":[{"embeddable":true,"href":"https:\/\/sim-b.fr\/index.php\/wp-json\/wp\/v2\/users\/1"}],"replies":[{"embeddable":true,"href":"https:\/\/sim-b.fr\/index.php\/wp-json\/wp\/v2\/comments?post=277"}],"version-history":[{"count":4,"href":"https:\/\/sim-b.fr\/index.php\/wp-json\/wp\/v2\/pages\/277\/revisions"}],"predecessor-version":[{"id":341,"href":"https:\/\/sim-b.fr\/index.php\/wp-json\/wp\/v2\/pages\/277\/revisions\/341"}],"wp:attachment":[{"href":"https:\/\/sim-b.fr\/index.php\/wp-json\/wp\/v2\/media?parent=277"}],"curies":[{"name":"wp","href":"https:\/\/api.w.org\/{rel}","templated":true}]}}