{"id":265,"date":"2020-11-24T17:23:35","date_gmt":"2020-11-24T16:23:35","guid":{"rendered":"https:\/\/sim-b.fr\/?page_id=265"},"modified":"2020-11-24T22:12:41","modified_gmt":"2020-11-24T21:12:41","slug":"analyse-des-batiments","status":"publish","type":"page","link":"https:\/\/sim-b.fr\/index.php\/analyse-des-batiments\/","title":{"rendered":"Analyse des b\u00e2timents"},"content":{"rendered":"\n<h2 style=\"font-size:35px\"><strong>Une analyse des b\u00e2timents et des installations techniques<\/strong><\/h2>\n\n\n\n<p><\/p>\n\n\n\n<ul><li><strong><span class=\"has-inline-color has-luminous-vivid-orange-color\">Transparence : <\/span><span class=\"has-inline-color has-black-color\">Mesurer, visualiser et contr\u00f4ler la performance de vos installations techniques pour plus de transparence<\/span><\/strong><\/li><\/ul>\n\n\n\n<p class=\"has-text-align-center\">\t<style>\r\n\t.progress-button button {\r\n\t\tborder: 2px solid #1ECD97;\r\n\t\tcolor: #1ECD97\t}\r\n\t.progress-button button:hover {\r\n\t\tbackground-color: #1ECD97\t}\r\n\t.ri-grid ul li {\r\n\t\tmargin: 0px !important;\r\n\t}\r\n\t<\/style>\r\n\t\t<style type=\"text\/css\">\r\n\t.brick {\r\n\t\tbackground: #f5f5f5;\r\n\t\tbox-shadow: 0 1px 3px 0 rgba(0, 0, 0, 0.33);\r\n\t\tcolor: #333;\r\n\t\tborder: none;\r\n\t}\r\n\t.brick {\r\n\t\twidth: 221.2px;\r\n\t}\r\n\t.info {\r\n\t\tpadding: 15px;\r\n\t\tcolor: #333;\r\n\t}\r\n\t.brick img {\r\n\t\tmargin: 0px;\r\n\t\tpadding: 0px;\r\n\t\tdisplay: block;\r\n\t}\r\n\t\r\n\t\r\n\t@keyframes start {\r\n\t\tfrom {\r\n\t\t\ttransform: scale(0);\r\n\t\t}\r\n\t\tto {\r\n\t\t\ttransform: scale(1);\r\n\t\t}\r\n\t}\r\n\r\n\r\n\t@-webkit-keyframes start {\r\n\t\tfrom {\r\n\t\t\t-webkit-transform: scale(0);\r\n\t\t}\r\n\t\tto {\r\n\t\t\t-webkit-transform: scale(1);\r\n\t\t}\r\n\t}\r\n\r\n\t.free-wall .brick[data-state=\"init\"] {\r\n\t\tdisplay: none;\r\n\t}\r\n\r\n\t.free-wall .brick[data-state=\"start\"]  {\r\n\t\tdisplay: block;\r\n\t\tanimation: start 0.5s;\r\n\t\t-webkit-animation: start 0.5s;\r\n\t}\r\n\r\n\t.free-wall .brick[data-state=\"move\"]  {\r\n\t\ttransition: top 0.5s, left 0.5s, width 0.5s, height 0.5s;\r\n\t\t-webkit-transition: top 0.5s, left 0.5s, width 0.5s, height 0.5s;\r\n\t}\r\n\r\n\t<\/style>\r\n\t<div id=\"alw-loader\" style=\"display:none; text-align:center; width:100%;\">\r\n\t\t<!-- begin folding modal -->\r\n\t\t<div class=\"alw-pre-loader folding\">\r\n\t\t\t<div class=\"sk-cube1 sk-cube\"><\/div>\r\n\t\t\t<div class=\"sk-cube2 sk-cube\"><\/div>\r\n\t\t\t<div class=\"sk-cube4 sk-cube\"><\/div>\r\n\t\t\t<div class=\"sk-cube3 sk-cube\"><\/div>\r\n\t\t<\/div>\r\n\t<\/div>\r\n\t<div id=\"freewall\" class=\"free-wall\">\r\n\t\t \r\n\t\t\t\t\t<div class=\"brick\">\r\n\t\t\t\t\t\t\t\t\t\t\t\t<a href=\"https:\/\/sim-b.fr\/wp-content\/uploads\/2020\/11\/Image1-1.png\" class=\"pw-lightbox \" target=\"_new\">\r\n\t\t\t\t\t\t\t<div class=\"img-wrapper\">\r\n\t\t\t\t\t\t\t\t<img src=\"https:\/\/sim-b.fr\/wp-content\/uploads\/2020\/11\/Image1-1.png\" width=\"100%\" alt=\"\"\/>\r\n\t\t\t\t\t\t\t\t<i class=\"alw-icon \"><\/i>\r\n\t\t\t\t\t\t\t<\/div>\r\n\t\t\t\t\t\t\t\t\t\t\t\t\t<\/a>\r\n\t\t\t\t\t\t<!--<a href=\"\" class=\"pw-more\">View more<\/a>-->\r\n\t\t\t\t\t<\/div>\r\n\t\t\t\t\t \r\n\t\t\t\t\t<div class=\"brick\">\r\n\t\t\t\t\t\t\t\t\t\t\t\t<a href=\"https:\/\/sim-b.fr\/wp-content\/uploads\/2020\/11\/Image2-1.png\" class=\"pw-lightbox \" target=\"_new\">\r\n\t\t\t\t\t\t\t<div class=\"img-wrapper\">\r\n\t\t\t\t\t\t\t\t<img src=\"https:\/\/sim-b.fr\/wp-content\/uploads\/2020\/11\/Image2-1.png\" width=\"100%\" alt=\"\"\/>\r\n\t\t\t\t\t\t\t\t<i class=\"alw-icon \"><\/i>\r\n\t\t\t\t\t\t\t<\/div>\r\n\t\t\t\t\t\t\t\t\t\t\t\t\t<\/a>\r\n\t\t\t\t\t\t<!--<a href=\"\" class=\"pw-more\">View more<\/a>-->\r\n\t\t\t\t\t<\/div>\r\n\t\t\t\t\t \r\n\t\t\t\t\t<div class=\"brick\">\r\n\t\t\t\t\t\t\t\t\t\t\t\t<a href=\"https:\/\/sim-b.fr\/wp-content\/uploads\/2020\/11\/Image3-1.png\" class=\"pw-lightbox \" target=\"_new\">\r\n\t\t\t\t\t\t\t<div class=\"img-wrapper\">\r\n\t\t\t\t\t\t\t\t<img src=\"https:\/\/sim-b.fr\/wp-content\/uploads\/2020\/11\/Image3-1.png\" width=\"100%\" alt=\"\"\/>\r\n\t\t\t\t\t\t\t\t<i class=\"alw-icon \"><\/i>\r\n\t\t\t\t\t\t\t<\/div>\r\n\t\t\t\t\t\t\t\t\t\t\t\t\t<\/a>\r\n\t\t\t\t\t\t<!--<a href=\"\" class=\"pw-more\">View more<\/a>-->\r\n\t\t\t\t\t<\/div>\r\n\t\t\t\t\t\t\r\n\t<\/div>\r\n\t<script type=\"text\/javascript\">\r\njQuery('#freewall').hide();\r\njQuery('#awl-loader').show();\r\n\tjQuery( document ).ready(function() {\t\r\n\t\tjQuery('#freewall').show();\r\n\t\tjQuery('#awl-loader').hide();\r\n\t\tvar wall = new Freewall(\"#freewall\");\r\n\t\twall.reset({\r\n\t\t\tanimate: false,\r\n\t\t\tcellW: 300, \/\/ function(container) {return 100;} 200 to 300\r\n\t\t\tcellH: 'auto', \/\/ function(container) {return 100;}\r\n\t\t\tdelay: 50, \/\/ slowdown active block;\r\n\t\t\tengine: 'giot',\r\n\t\t\tfixSize: null, \/\/ resize + adjust = fill gap;\r\n\t\t\t\/\/fixSize: 0, resize but keep ratio = no fill gap;\r\n\t\t\t\/\/fixSize: 1, no resize + no adjust = no fill gap;\r\n\t\t\tgutterX: 15, \/\/ width spacing between blocks;\r\n\t\t\tgutterY: 15, \/\/ height spacing between blocks;\r\n\t\t\tkeepOrder: true, \/\/ images show as uploaded\r\n\t\t\tselector: '.brick',\r\n\t\t\tdraggable: false,\r\n\t\t\tcacheSize: true, \/\/ caches the original size of block;\r\n\t\t\trightToLeft: false,\r\n\t\t\tbottomToTop: false,\r\n\t\t\tonGapFound: function() {},\r\n\t\t\tonComplete: function() {},\r\n\t\t\tonResize: function() {\r\n\t\t\t\twall.fitWidth();\r\n\t\t\t},\r\n\t\t\tonBlockDrag: function() {},\r\n\t\t\tonBlockMove: function() {},\r\n\t\t\tonBlockDrop: function() {},\r\n\t\t\tonBlockReady: function() {},\r\n\t\t\tonBlockFinish: function() {},\r\n\t\t\tonBlockActive: function() {},\r\n\t\t\tonBlockResize: function() {}\t\t\r\n\t\t});\r\n\r\n\t\twall.container.find('.brick a').load(function() {\r\n\t\t\twall.fitWidth();\r\n\t\t});\r\n\t\twall.container.find('.brick a').resize();\r\n\t\t\r\n\t\t\/\/ lightbox\r\n\t\t\t\tjQuery(\".pw-lightbox\").colorbox({\r\n\t\t\trel:'pw-lightbox',\r\n\t\t});\t\r\n\t\tjQuery(\".youtube\").colorbox({iframe:true, innerWidth:640, innerHeight:390});\r\n\t\tjQuery(\".vemio\").colorbox({iframe:true, innerWidth:640, innerHeight:390});\r\n\t\t\t});\r\n\t\r\n<\/script><\/p>\n\n\n\n<hr class=\"wp-block-separator\"\/>\n\n\n\n<p class=\"has-text-align-center\"><\/p>\n\n\n\n<div class=\"wp-block-image\"><figure class=\"aligncenter size-full is-resized\"><img loading=\"lazy\" src=\"https:\/\/sim-b.fr\/wp-content\/uploads\/2020\/11\/Image4-1.png\" alt=\"\" class=\"wp-image-309\" width=\"521\" height=\"352\" srcset=\"https:\/\/sim-b.fr\/wp-content\/uploads\/2020\/11\/Image4-1.png 1018w, https:\/\/sim-b.fr\/wp-content\/uploads\/2020\/11\/Image4-1-300x203.png 300w, https:\/\/sim-b.fr\/wp-content\/uploads\/2020\/11\/Image4-1-768x520.png 768w\" sizes=\"(max-width: 521px) 100vw, 521px\" \/><\/figure><\/div>\n\n\n\n<hr class=\"wp-block-separator\"\/>\n\n\n\n<figure class=\"wp-block-image size-full\"><img loading=\"lazy\" width=\"1719\" height=\"533\" src=\"https:\/\/sim-b.fr\/wp-content\/uploads\/2020\/11\/Image5-1.png\" alt=\"\" class=\"wp-image-310\" srcset=\"https:\/\/sim-b.fr\/wp-content\/uploads\/2020\/11\/Image5-1.png 1719w, https:\/\/sim-b.fr\/wp-content\/uploads\/2020\/11\/Image5-1-300x93.png 300w, https:\/\/sim-b.fr\/wp-content\/uploads\/2020\/11\/Image5-1-1024x318.png 1024w, https:\/\/sim-b.fr\/wp-content\/uploads\/2020\/11\/Image5-1-768x238.png 768w, https:\/\/sim-b.fr\/wp-content\/uploads\/2020\/11\/Image5-1-1536x476.png 1536w\" sizes=\"(max-width: 1719px) 100vw, 1719px\" \/><\/figure>\n\n\n\n<hr class=\"wp-block-separator\"\/>\n\n\n\n<ul><li><strong><span class=\"has-inline-color has-luminous-vivid-orange-color\">Intelligence :<\/span> les solutions d\u2019optimisation et d\u2019am\u00e9lioration des fonctionnalit\u00e9s pour plus d\u2019intelligence \u00e0 votre syst\u00e8me<\/strong><ul><li>Comprendre les besoins&nbsp;: Organisation, objectifs, moyens, b\u00e2timents, installations techniques<\/li><li>Identifier les opportunit\u00e9s&nbsp;: Diagnostic actif et \u00e9tude technique, et \u00e9conomique<\/li><li>Etablir un plan d\u2019actions&nbsp;: Gains rapides, peu d\u2019investissement, long terme<\/li><li>Mettre en \u0153uvre des mesures de s\u00e9curit\u00e9 de fonctionnement et r\u00e9glementaire.<\/li><\/ul><\/li><\/ul>\n\n\n\n<ul><li><strong><span class=\"has-inline-color has-luminous-vivid-orange-color\">Performance :<\/span> les solutions de modernisation de vos installations techniques et de r\u00e9duction de vos consommations \u00e9nerg\u00e9tiques ajoutent de la valeur \u00e0 votre b\u00e2timent<\/strong><\/li><\/ul>\n\n\n\n<p class=\"has-text-align-center\">\t<style>\r\n\t.progress-button button {\r\n\t\tborder: 2px solid #1ECD97;\r\n\t\tcolor: #1ECD97\t}\r\n\t.progress-button button:hover {\r\n\t\tbackground-color: #1ECD97\t}\r\n\t.ri-grid ul li {\r\n\t\tmargin: 0px !important;\r\n\t}\r\n\t<\/style>\r\n\t\t<section class=\"main\">\r\n\t\t<div id=\"ri-grid-292\" class=\"ri-grid ri-grid-size-2\">\r\n\t\t\t<div id=\"alw-loader\" style=\"display:none; text-align:center; width:100%;\">\r\n\t\t\t\t<!-- begin folding modal -->\r\n\t\t\t\t<div class=\"alw-pre-loader folding\">\r\n\t\t\t\t\t<div class=\"sk-cube1 sk-cube\"><\/div>\r\n\t\t\t\t\t<div class=\"sk-cube2 sk-cube\"><\/div>\r\n\t\t\t\t\t<div class=\"sk-cube4 sk-cube\"><\/div>\r\n\t\t\t\t\t<div class=\"sk-cube3 sk-cube\"><\/div>\r\n\t\t\t\t<\/div>\r\n\t\t\t<\/div>\r\n\t\t\t<ul class=\"\">\r\n\t\t\t\t\t\t\t\t<li class=\"brick\">\r\n\t\t\t\t\t\t\t\t\t\t\t\t<a href=\"https:\/\/sim-b.fr\/wp-content\/uploads\/2020\/11\/Image6.png\" class=\"pw-lightbox \" rel=\"next img-wrapper\" target=\"_new\">\r\n\t\t\t\t\t\t\t<img src=\"https:\/\/sim-b.fr\/wp-content\/uploads\/2020\/11\/Image6.png\" width=\"100%\" alt=\"Image6\"\/>\r\n\t\t\t\t\t\t\t<i class=\"alw-icon \"><\/i>\r\n\t\t\t\t\t\t<\/a>\r\n\t\t\t\t\t<\/li>\r\n\t\t\t\t\t\t\t\t\t\t<li class=\"brick\">\r\n\t\t\t\t\t\t\t\t\t\t\t\t<a href=\"https:\/\/sim-b.fr\/wp-content\/uploads\/2020\/11\/Image7.png\" class=\"pw-lightbox \" rel=\"next img-wrapper\" target=\"_new\">\r\n\t\t\t\t\t\t\t<img src=\"https:\/\/sim-b.fr\/wp-content\/uploads\/2020\/11\/Image7.png\" width=\"100%\" alt=\"Image7\"\/>\r\n\t\t\t\t\t\t\t<i class=\"alw-icon \"><\/i>\r\n\t\t\t\t\t\t<\/a>\r\n\t\t\t\t\t<\/li>\r\n\t\t\t\t\t\t\t\t\t\t<li class=\"brick\">\r\n\t\t\t\t\t\t\t\t\t\t\t\t<a href=\"https:\/\/sim-b.fr\/wp-content\/uploads\/2020\/11\/Image8.png\" class=\"pw-lightbox \" rel=\"next img-wrapper\" target=\"_new\">\r\n\t\t\t\t\t\t\t<img src=\"https:\/\/sim-b.fr\/wp-content\/uploads\/2020\/11\/Image8.png\" width=\"100%\" alt=\"Image8\"\/>\r\n\t\t\t\t\t\t\t<i class=\"alw-icon \"><\/i>\r\n\t\t\t\t\t\t<\/a>\r\n\t\t\t\t\t<\/li>\r\n\t\t\t\t\t\t\t\t\t\t<li class=\"brick\">\r\n\t\t\t\t\t\t\t\t\t\t\t\t<a href=\"https:\/\/sim-b.fr\/wp-content\/uploads\/2020\/11\/Image9.png\" class=\"pw-lightbox \" rel=\"next img-wrapper\" target=\"_new\">\r\n\t\t\t\t\t\t\t<img src=\"https:\/\/sim-b.fr\/wp-content\/uploads\/2020\/11\/Image9.png\" width=\"100%\" alt=\"Image9\"\/>\r\n\t\t\t\t\t\t\t<i class=\"alw-icon \"><\/i>\r\n\t\t\t\t\t\t<\/a>\r\n\t\t\t\t\t<\/li>\r\n\t\t\t\t\t\t\t\t<\/ul>\r\n\t\t<\/div>\r\n\t<\/section>\r\n<script type=\"text\/javascript\">\t\r\njQuery( document ).ready(function() {\r\n\t\r\n\tjQuery( '#ri-grid-292' ).gridrotator( {\r\n\t\trows : 1,\r\n\t\t\/\/ number of columns \r\n\t\tcolumns : 4,\r\n\t\tw1024 : { rows : 1, columns : 4 },\r\n\t\tw768 : {rows : 1, columns : 4 },\r\n\t\tw480 : {rows : 3,columns : 1 },\r\n\t\tw320 : {rows : 3,columns : 1 },\r\n\t\tw240 : {rows : 3,columns : 1 },\r\n\t\t\/\/ step: number of items that are replaced at the same time\r\n\t\t\/\/ random || [some number]\r\n\t\t\/\/ note: for performance issues, the number \"can't\" be > options.maxStep\r\n\t\t\t\tstep : 'random',\r\n\t\t\t\t\/\/ change it as you wish..\r\n\t\tmaxStep : 3,\r\n\t\t\/\/ prevent user to click the items\r\n\t\tpreventClick : false,\r\n\t\t\/\/ animation type\r\n\t\tanimType : 'fadeInOut',\r\n\t\t\/\/ animation speed\r\n\t\tanimSpeed : 1700, \/\/ 100 to 3000\r\n\t\t\/\/ animation easings\r\n\t\tanimEasingOut : 'linear',\r\n\t\tanimEasingIn: 'linear',\r\n\t\t\/\/ the item(s) will be replaced every 3 seconds\r\n\t\t\/\/ note: for performance issues, the time \"can't\" be < 300 ms\r\n\t\tinterval : 700, \/\/100 to 3000\r\n\t\t\/\/ if false the animations will not start\r\n\t\t\/\/ use false if onhover is true for example\r\n\t\tslideshow : true,\r\n\t\t\/\/ if true the items will switch when hovered\r\n\t\tonhover : false,\r\n\t\t\/\/ ids of elements that shouldn't change\r\n\t\tnochange : [] \/\/ \r\n\t} );\r\n\t\t\/\/ lightbox\r\n\tjQuery(\".pw-lightbox\").colorbox({\r\n\t\trel:'pw-lightbox',\r\n\t});\t\r\n\tjQuery(\".youtube\").colorbox({iframe:true, innerWidth:640, innerHeight:390});\r\n\tjQuery(\".vemio\").colorbox({iframe:true, innerWidth:640, innerHeight:390});\r\n\t});\r\n<\/script><\/p>\n","protected":false},"excerpt":{"rendered":"<p>Une analyse des b\u00e2timents et des installations techniques Transparence : Mesurer, visualiser et contr\u00f4ler la performance de vos installations techniques pour plus de transparence Intelligence : les solutions d\u2019optimisation et d\u2019am\u00e9lioration des fonctionnalit\u00e9s pour plus d\u2019intelligence \u00e0 votre syst\u00e8me Comprendre les besoins&nbsp;: Organisation, objectifs, moyens, b\u00e2timents, installations techniques Identifier les opportunit\u00e9s&nbsp;: Diagnostic actif et \u00e9tude [&hellip;]<\/p>\n","protected":false},"author":1,"featured_media":0,"parent":0,"menu_order":0,"comment_status":"closed","ping_status":"closed","template":"","meta":[],"yoast_head":"<!-- This site is optimized with the Yoast SEO plugin v15.9 - https:\/\/yoast.com\/wordpress\/plugins\/seo\/ -->\n<title>Analyse des b\u00e2timents - SIM-B<\/title>\n<meta name=\"robots\" content=\"index, follow, max-snippet:-1, max-image-preview:large, max-video-preview:-1\" \/>\n<link rel=\"canonical\" href=\"https:\/\/sim-b.fr\/index.php\/analyse-des-batiments\/\" \/>\n<meta property=\"og:locale\" content=\"fr_FR\" \/>\n<meta property=\"og:type\" content=\"article\" \/>\n<meta property=\"og:title\" content=\"Analyse des b\u00e2timents - SIM-B\" \/>\n<meta property=\"og:description\" content=\"Une analyse des b\u00e2timents et des installations techniques Transparence : Mesurer, visualiser et contr\u00f4ler la performance de vos installations techniques pour plus de transparence Intelligence : les solutions d\u2019optimisation et d\u2019am\u00e9lioration des fonctionnalit\u00e9s pour plus d\u2019intelligence \u00e0 votre syst\u00e8me Comprendre les besoins&nbsp;: Organisation, objectifs, moyens, b\u00e2timents, installations techniques Identifier les opportunit\u00e9s&nbsp;: Diagnostic actif et \u00e9tude [&hellip;]\" \/>\n<meta property=\"og:url\" content=\"https:\/\/sim-b.fr\/index.php\/analyse-des-batiments\/\" \/>\n<meta property=\"og:site_name\" content=\"SIM-B\" \/>\n<meta property=\"article:modified_time\" content=\"2020-11-24T21:12:41+00:00\" \/>\n<meta property=\"og:image\" content=\"https:\/\/sim-b.fr\/wp-content\/uploads\/2020\/11\/Image4-1.png\" \/>\n<meta name=\"twitter:card\" content=\"summary_large_image\" \/>\n<meta name=\"twitter:label1\" content=\"Dur\u00e9e de lecture est.\">\n\t<meta name=\"twitter:data1\" content=\"1 minute\">\n<script type=\"application\/ld+json\" class=\"yoast-schema-graph\">{\"@context\":\"https:\/\/schema.org\",\"@graph\":[{\"@type\":\"WebSite\",\"@id\":\"https:\/\/sim-b.fr\/#website\",\"url\":\"https:\/\/sim-b.fr\/\",\"name\":\"SIM-B\",\"description\":\"Ing\\u00e9nierie - Bureau d Etudes Techniques Fluides\",\"potentialAction\":[{\"@type\":\"SearchAction\",\"target\":\"https:\/\/sim-b.fr\/?s={search_term_string}\",\"query-input\":\"required name=search_term_string\"}],\"inLanguage\":\"fr-FR\"},{\"@type\":\"ImageObject\",\"@id\":\"https:\/\/sim-b.fr\/index.php\/analyse-des-batiments\/#primaryimage\",\"inLanguage\":\"fr-FR\",\"url\":\"https:\/\/sim-b.fr\/wp-content\/uploads\/2020\/11\/Image4-1.png\",\"width\":1018,\"height\":689},{\"@type\":\"WebPage\",\"@id\":\"https:\/\/sim-b.fr\/index.php\/analyse-des-batiments\/#webpage\",\"url\":\"https:\/\/sim-b.fr\/index.php\/analyse-des-batiments\/\",\"name\":\"Analyse des b\\u00e2timents - SIM-B\",\"isPartOf\":{\"@id\":\"https:\/\/sim-b.fr\/#website\"},\"primaryImageOfPage\":{\"@id\":\"https:\/\/sim-b.fr\/index.php\/analyse-des-batiments\/#primaryimage\"},\"datePublished\":\"2020-11-24T16:23:35+00:00\",\"dateModified\":\"2020-11-24T21:12:41+00:00\",\"breadcrumb\":{\"@id\":\"https:\/\/sim-b.fr\/index.php\/analyse-des-batiments\/#breadcrumb\"},\"inLanguage\":\"fr-FR\",\"potentialAction\":[{\"@type\":\"ReadAction\",\"target\":[\"https:\/\/sim-b.fr\/index.php\/analyse-des-batiments\/\"]}]},{\"@type\":\"BreadcrumbList\",\"@id\":\"https:\/\/sim-b.fr\/index.php\/analyse-des-batiments\/#breadcrumb\",\"itemListElement\":[{\"@type\":\"ListItem\",\"position\":1,\"item\":{\"@type\":\"WebPage\",\"@id\":\"https:\/\/sim-b.fr\/\",\"url\":\"https:\/\/sim-b.fr\/\",\"name\":\"Accueil\"}},{\"@type\":\"ListItem\",\"position\":2,\"item\":{\"@type\":\"WebPage\",\"@id\":\"https:\/\/sim-b.fr\/index.php\/analyse-des-batiments\/\",\"url\":\"https:\/\/sim-b.fr\/index.php\/analyse-des-batiments\/\",\"name\":\"Analyse des b\\u00e2timents\"}}]}]}<\/script>\n<!-- \/ Yoast SEO plugin. -->","_links":{"self":[{"href":"https:\/\/sim-b.fr\/index.php\/wp-json\/wp\/v2\/pages\/265"}],"collection":[{"href":"https:\/\/sim-b.fr\/index.php\/wp-json\/wp\/v2\/pages"}],"about":[{"href":"https:\/\/sim-b.fr\/index.php\/wp-json\/wp\/v2\/types\/page"}],"author":[{"embeddable":true,"href":"https:\/\/sim-b.fr\/index.php\/wp-json\/wp\/v2\/users\/1"}],"replies":[{"embeddable":true,"href":"https:\/\/sim-b.fr\/index.php\/wp-json\/wp\/v2\/comments?post=265"}],"version-history":[{"count":20,"href":"https:\/\/sim-b.fr\/index.php\/wp-json\/wp\/v2\/pages\/265\/revisions"}],"predecessor-version":[{"id":321,"href":"https:\/\/sim-b.fr\/index.php\/wp-json\/wp\/v2\/pages\/265\/revisions\/321"}],"wp:attachment":[{"href":"https:\/\/sim-b.fr\/index.php\/wp-json\/wp\/v2\/media?parent=265"}],"curies":[{"name":"wp","href":"https:\/\/api.w.org\/{rel}","templated":true}]}}